{"id":368,"date":"2024-05-24T10:00:00","date_gmt":"2024-05-24T08:00:00","guid":{"rendered":"https:\/\/combathlon.eu\/homepage\/"},"modified":"2024-06-10T12:31:26","modified_gmt":"2024-06-10T10:31:26","slug":"homepage","status":"publish","type":"page","link":"https:\/\/combathlon.eu\/el\/","title":{"rendered":"Homepage"},"content":{"rendered":"\t\t<div data-elementor-type=\"wp-page\" data-elementor-id=\"368\" class=\"elementor elementor-368 elementor-11\" data-elementor-post-type=\"page\">\n\t\t\t\t<div class=\"elementor-element elementor-element-40efe0b e-con-full e-flex e-con e-parent\" data-id=\"40efe0b\" data-element_type=\"container\" data-settings=\"{&quot;background_background&quot;:&quot;classic&quot;}\">\n\t\t<div class=\"elementor-element elementor-element-9f20587 e-con-full e-flex e-con e-child\" data-id=\"9f20587\" data-element_type=\"container\">\n\t\t\t\t<div class=\"elementor-element elementor-element-be73f11 elementor-widget elementor-widget-heading\" data-id=\"be73f11\" data-element_type=\"widget\" data-widget_type=\"heading.default\">\n\t\t\t\t<div class=\"elementor-widget-container\">\n\t\t\t<style>\/*! elementor - v3.21.0 - 26-05-2024 *\/\n.elementor-heading-title{padding:0;margin:0;line-height:1}.elementor-widget-heading .elementor-heading-title[class*=elementor-size-]>a{color:inherit;font-size:inherit;line-height:inherit}.elementor-widget-heading .elementor-heading-title.elementor-size-small{font-size:15px}.elementor-widget-heading .elementor-heading-title.elementor-size-medium{font-size:19px}.elementor-widget-heading .elementor-heading-title.elementor-size-large{font-size:29px}.elementor-widget-heading .elementor-heading-title.elementor-size-xl{font-size:39px}.elementor-widget-heading .elementor-heading-title.elementor-size-xxl{font-size:59px}<\/style><h1 class=\"elementor-heading-title elementor-size-default\">Projet europ\u00e9en de tournois d'arts martiaux multi-activit\u00e9s\n<\/h1>\t\t<\/div>\n\t\t\t\t<\/div>\n\t\t\t\t<div class=\"elementor-element elementor-element-2a5ba3d elementor-widget elementor-widget-image\" data-id=\"2a5ba3d\" data-element_type=\"widget\" data-widget_type=\"image.default\">\n\t\t\t\t<div class=\"elementor-widget-container\">\n\t\t\t<style>\/*! elementor - v3.21.0 - 26-05-2024 *\/\n.elementor-widget-image{text-align:center}.elementor-widget-image a{display:inline-block}.elementor-widget-image a img[src$=\".svg\"]{width:48px}.elementor-widget-image img{vertical-align:middle;display:inline-block}<\/style>\t\t\t\t\t\t\t\t\t\t<img fetchpriority=\"high\" decoding=\"async\" width=\"800\" height=\"180\" src=\"https:\/\/combathlon.eu\/wp-content\/uploads\/2024\/05\/FR_Co-fundedbytheEU_RGB_WHITE-Outline-1024x230.png\" class=\"attachment-large size-large wp-image-138\" alt=\"\" srcset=\"https:\/\/combathlon.eu\/wp-content\/uploads\/2024\/05\/FR_Co-fundedbytheEU_RGB_WHITE-Outline-1024x230.png 1024w, https:\/\/combathlon.eu\/wp-content\/uploads\/2024\/05\/FR_Co-fundedbytheEU_RGB_WHITE-Outline-300x67.png 300w, https:\/\/combathlon.eu\/wp-content\/uploads\/2024\/05\/FR_Co-fundedbytheEU_RGB_WHITE-Outline-768x173.png 768w, https:\/\/combathlon.eu\/wp-content\/uploads\/2024\/05\/FR_Co-fundedbytheEU_RGB_WHITE-Outline-1536x345.png 1536w, https:\/\/combathlon.eu\/wp-content\/uploads\/2024\/05\/FR_Co-fundedbytheEU_RGB_WHITE-Outline-2048x461.png 2048w\" sizes=\"(max-width: 800px) 100vw, 800px\" \/>\t\t\t\t\t\t\t\t\t\t\t\t\t<\/div>\n\t\t\t\t<\/div>\n\t\t\t\t<\/div>\n\t\t<div class=\"elementor-element elementor-element-f983325 e-con-full e-flex e-con e-child\" data-id=\"f983325\" data-element_type=\"container\">\n\t\t\t\t<div class=\"elementor-element elementor-element-87fcbe7 elementor-invisible elementor-widget elementor-widget-image\" data-id=\"87fcbe7\" data-element_type=\"widget\" data-settings=\"{&quot;_animation&quot;:&quot;bounceInLeft&quot;,&quot;motion_fx_motion_fx_scrolling&quot;:&quot;yes&quot;,&quot;motion_fx_translateY_effect&quot;:&quot;yes&quot;,&quot;motion_fx_devices&quot;:[&quot;desktop&quot;,&quot;tablet&quot;],&quot;motion_fx_translateY_speed&quot;:{&quot;unit&quot;:&quot;px&quot;,&quot;size&quot;:4,&quot;sizes&quot;:[]},&quot;motion_fx_translateY_affectedRange&quot;:{&quot;unit&quot;:&quot;%&quot;,&quot;size&quot;:&quot;&quot;,&quot;sizes&quot;:{&quot;start&quot;:0,&quot;end&quot;:100}}}\" data-widget_type=\"image.default\">\n\t\t\t\t<div class=\"elementor-widget-container\">\n\t\t\t\t\t\t\t\t\t\t\t\t\t<img decoding=\"async\" width=\"266\" height=\"500\" src=\"https:\/\/combathlon.eu\/wp-content\/uploads\/2024\/05\/Combathlon_group1.webp\" class=\"attachment-large size-large wp-image-115\" alt=\"\" srcset=\"https:\/\/combathlon.eu\/wp-content\/uploads\/2024\/05\/Combathlon_group1.webp 266w, https:\/\/combathlon.eu\/wp-content\/uploads\/2024\/05\/Combathlon_group1-160x300.webp 160w\" sizes=\"(max-width: 266px) 100vw, 266px\" \/>\t\t\t\t\t\t\t\t\t\t\t\t\t<\/div>\n\t\t\t\t<\/div>\n\t\t\t\t<div class=\"elementor-element elementor-element-2add688 elementor-hidden-mobile elementor-widget elementor-widget-image\" data-id=\"2add688\" data-element_type=\"widget\" data-widget_type=\"image.default\">\n\t\t\t\t<div class=\"elementor-widget-container\">\n\t\t\t\t\t\t\t\t\t\t\t\t\t<img decoding=\"async\" width=\"300\" height=\"300\" src=\"https:\/\/combathlon.eu\/wp-content\/uploads\/2024\/05\/Icon.webp\" class=\"attachment-large size-large wp-image-388\" alt=\"\" srcset=\"https:\/\/combathlon.eu\/wp-content\/uploads\/2024\/05\/Icon.webp 300w, https:\/\/combathlon.eu\/wp-content\/uploads\/2024\/05\/Icon-150x150.webp 150w\" sizes=\"(max-width: 300px) 100vw, 300px\" \/>\t\t\t\t\t\t\t\t\t\t\t\t\t<\/div>\n\t\t\t\t<\/div>\n\t\t\t\t<div class=\"elementor-element elementor-element-ec61d12 elementor-invisible elementor-widget elementor-widget-image\" data-id=\"ec61d12\" data-element_type=\"widget\" data-settings=\"{&quot;_animation&quot;:&quot;bounceInRight&quot;,&quot;_animation_delay&quot;:200,&quot;motion_fx_motion_fx_scrolling&quot;:&quot;yes&quot;,&quot;motion_fx_translateY_effect&quot;:&quot;yes&quot;,&quot;motion_fx_translateY_direction&quot;:&quot;negative&quot;,&quot;motion_fx_devices&quot;:[&quot;desktop&quot;,&quot;tablet&quot;],&quot;motion_fx_translateY_speed&quot;:{&quot;unit&quot;:&quot;px&quot;,&quot;size&quot;:4,&quot;sizes&quot;:[]},&quot;motion_fx_translateY_affectedRange&quot;:{&quot;unit&quot;:&quot;%&quot;,&quot;size&quot;:&quot;&quot;,&quot;sizes&quot;:{&quot;start&quot;:0,&quot;end&quot;:100}}}\" data-widget_type=\"image.default\">\n\t\t\t\t<div class=\"elementor-widget-container\">\n\t\t\t\t\t\t\t\t\t\t\t\t\t<img loading=\"lazy\" decoding=\"async\" width=\"273\" height=\"500\" src=\"https:\/\/combathlon.eu\/wp-content\/uploads\/2024\/05\/Combathlon_group2.webp\" class=\"attachment-large size-large wp-image-116\" alt=\"\" srcset=\"https:\/\/combathlon.eu\/wp-content\/uploads\/2024\/05\/Combathlon_group2.webp 273w, https:\/\/combathlon.eu\/wp-content\/uploads\/2024\/05\/Combathlon_group2-164x300.webp 164w\" sizes=\"(max-width: 273px) 100vw, 273px\" \/>\t\t\t\t\t\t\t\t\t\t\t\t\t<\/div>\n\t\t\t\t<\/div>\n\t\t\t\t<\/div>\n\t\t\t\t<\/div>\n\t\t<div class=\"elementor-element elementor-element-5e1c2c6 e-flex e-con-boxed e-con e-parent\" data-id=\"5e1c2c6\" data-element_type=\"container\" data-settings=\"{&quot;shape_divider_bottom&quot;:&quot;triangle-asymmetrical&quot;}\">\n\t\t\t\t\t<div class=\"e-con-inner\">\n\t\t\t\t<div class=\"elementor-shape elementor-shape-bottom\" data-negative=\"false\">\n\t\t\t<svg xmlns=\"http:\/\/www.w3.org\/2000\/svg\" viewBox=\"0 0 1000 100\" preserveAspectRatio=\"none\">\n\t<path class=\"elementor-shape-fill\" d=\"M738,99l262-93V0H0v5.6L738,99z\"\/>\n<\/svg>\t\t<\/div>\n\t\t\t\t<div class=\"elementor-element elementor-element-64868fd elementor-invisible elementor-widget elementor-widget-heading\" data-id=\"64868fd\" data-element_type=\"widget\" data-settings=\"{&quot;_animation&quot;:&quot;bounceIn&quot;}\" data-widget_type=\"heading.default\">\n\t\t\t\t<div class=\"elementor-widget-container\">\n\t\t\t<h2 class=\"elementor-heading-title elementor-size-default\">Objectif<br>Un maximum de sport pour les pratiquants pendant 1h<\/h2>\t\t<\/div>\n\t\t\t\t<\/div>\n\t\t\t\t\t<\/div>\n\t\t\t\t<\/div>\n\t\t<div class=\"elementor-element elementor-element-72a459b e-flex e-con-boxed e-con e-parent\" data-id=\"72a459b\" data-element_type=\"container\" data-settings=\"{&quot;background_background&quot;:&quot;classic&quot;}\">\n\t\t\t\t\t<div class=\"e-con-inner\">\n\t\t<div class=\"elementor-element elementor-element-0d8eef9 e-con-full e-flex e-con e-child\" data-id=\"0d8eef9\" data-element_type=\"container\">\n\t\t\t\t<div class=\"elementor-element elementor-element-6811d07 elementor-invisible elementor-widget elementor-widget-image\" data-id=\"6811d07\" data-element_type=\"widget\" data-settings=\"{&quot;motion_fx_motion_fx_scrolling&quot;:&quot;yes&quot;,&quot;motion_fx_translateX_effect&quot;:&quot;yes&quot;,&quot;_animation&quot;:&quot;pulse&quot;,&quot;motion_fx_translateX_speed&quot;:{&quot;unit&quot;:&quot;px&quot;,&quot;size&quot;:2,&quot;sizes&quot;:[]},&quot;motion_fx_devices&quot;:[&quot;desktop&quot;,&quot;tablet&quot;],&quot;motion_fx_translateX_affectedRange&quot;:{&quot;unit&quot;:&quot;%&quot;,&quot;size&quot;:&quot;&quot;,&quot;sizes&quot;:{&quot;start&quot;:0,&quot;end&quot;:100}}}\" data-widget_type=\"image.default\">\n\t\t\t\t<div class=\"elementor-widget-container\">\n\t\t\t\t\t\t\t\t\t\t\t\t\t<img loading=\"lazy\" decoding=\"async\" width=\"779\" height=\"1024\" src=\"https:\/\/combathlon.eu\/wp-content\/uploads\/2024\/05\/sangoku-2-779x1024.webp\" class=\"attachment-large size-large wp-image-230\" alt=\"\" srcset=\"https:\/\/combathlon.eu\/wp-content\/uploads\/2024\/05\/sangoku-2-779x1024.webp 779w, https:\/\/combathlon.eu\/wp-content\/uploads\/2024\/05\/sangoku-2-228x300.webp 228w, https:\/\/combathlon.eu\/wp-content\/uploads\/2024\/05\/sangoku-2-768x1010.webp 768w, https:\/\/combathlon.eu\/wp-content\/uploads\/2024\/05\/sangoku-2.webp 800w\" sizes=\"(max-width: 779px) 100vw, 779px\" \/>\t\t\t\t\t\t\t\t\t\t\t\t\t<\/div>\n\t\t\t\t<\/div>\n\t\t\t\t<div class=\"elementor-element elementor-element-076b089 elementor-widget__width-initial elementor-widget elementor-widget-heading\" data-id=\"076b089\" data-element_type=\"widget\" data-widget_type=\"heading.default\">\n\t\t\t\t<div class=\"elementor-widget-container\">\n\t\t\t<h2 class=\"elementor-heading-title elementor-size-default\">5 \u00e9v\u00e9nements internationaux<\/h2>\t\t<\/div>\n\t\t\t\t<\/div>\n\t\t\t\t<\/div>\n\t\t\t\t\t<\/div>\n\t\t\t\t<\/div>\n\t\t<div class=\"elementor-element elementor-element-acc09e2 e-flex e-con-boxed e-con e-parent\" data-id=\"acc09e2\" data-element_type=\"container\" data-settings=\"{&quot;shape_divider_top&quot;:&quot;triangle-asymmetrical&quot;}\">\n\t\t\t\t\t<div class=\"e-con-inner\">\n\t\t\t\t<div class=\"elementor-shape elementor-shape-top\" data-negative=\"false\">\n\t\t\t<svg xmlns=\"http:\/\/www.w3.org\/2000\/svg\" viewBox=\"0 0 1000 100\" preserveAspectRatio=\"none\">\n\t<path class=\"elementor-shape-fill\" d=\"M738,99l262-93V0H0v5.6L738,99z\"\/>\n<\/svg>\t\t<\/div>\n\t\t\t\t<div class=\"elementor-element elementor-element-cc4f442 elementor-widget elementor-widget-heading\" data-id=\"cc4f442\" data-element_type=\"widget\" data-widget_type=\"heading.default\">\n\t\t\t\t<div class=\"elementor-widget-container\">\n\t\t\t<h2 class=\"elementor-heading-title elementor-size-default\">4 partenaires europ\u00e9ens<\/h2>\t\t<\/div>\n\t\t\t\t<\/div>\n\t\t\t\t<div class=\"elementor-element elementor-element-4e3b6a2 elementor-skin-carousel elementor-pagination-type-bullets elementor-pagination-position-outside elementor-widget elementor-widget-media-carousel\" data-id=\"4e3b6a2\" data-element_type=\"widget\" data-settings=\"{&quot;slides_per_view&quot;:&quot;4&quot;,&quot;slides_to_scroll&quot;:&quot;4&quot;,&quot;space_between&quot;:{&quot;unit&quot;:&quot;px&quot;,&quot;size&quot;:35,&quot;sizes&quot;:[]},&quot;slides_per_view_mobile&quot;:&quot;1&quot;,&quot;skin&quot;:&quot;carousel&quot;,&quot;effect&quot;:&quot;slide&quot;,&quot;pagination&quot;:&quot;bullets&quot;,&quot;speed&quot;:500,&quot;space_between_tablet&quot;:{&quot;unit&quot;:&quot;px&quot;,&quot;size&quot;:10,&quot;sizes&quot;:[]},&quot;space_between_mobile&quot;:{&quot;unit&quot;:&quot;px&quot;,&quot;size&quot;:10,&quot;sizes&quot;:[]}}\" data-widget_type=\"media-carousel.default\">\n\t\t\t\t<div class=\"elementor-widget-container\">\n\t\t\t<link rel=\"stylesheet\" href=\"https:\/\/combathlon.eu\/wp-content\/plugins\/elementor-pro\/assets\/css\/widget-carousel.min.css\">\t\t<div class=\"elementor-swiper\">\n\t\t\t<div class=\"elementor-main-swiper swiper\">\n\t\t\t\t<div class=\"swiper-wrapper\">\n\t\t\t\t\t\t\t\t\t\t\t<div class=\"swiper-slide\">\n\t\t\t\t\t\t\t<a href=\"https:\/\/combathlon.eu\/partenaires\/\">\t\t<div class=\"elementor-carousel-image\" role=\"img\" aria-label=\"Mudukwan_Taekwondo_Brussels\" style=\"background-image: url(&#039;https:\/\/combathlon.eu\/wp-content\/uploads\/2024\/06\/Mudukwan_Taekwondo_Brussels.webp&#039;)\">\n\n\t\t\t\n\t\t\t\t\t<\/div>\n\t\t<\/a>\t\t\t\t\t\t<\/div>\n\t\t\t\t\t\t\t\t\t\t\t<div class=\"swiper-slide\">\n\t\t\t\t\t\t\t<a href=\"https:\/\/combathlon.eu\/partenaires\/\">\t\t<div class=\"elementor-carousel-image\" role=\"img\" aria-label=\"CLu-Taekwondo-Palma\" style=\"background-image: url(&#039;https:\/\/combathlon.eu\/wp-content\/uploads\/2024\/06\/CLu-Taekwondo-Palma.webp&#039;)\">\n\n\t\t\t\n\t\t\t\t\t<\/div>\n\t\t<\/a>\t\t\t\t\t\t<\/div>\n\t\t\t\t\t\t\t\t\t\t\t<div class=\"swiper-slide\">\n\t\t\t\t\t\t\t<a href=\"https:\/\/combathlon.eu\/partenaires\/\">\t\t<div class=\"elementor-carousel-image\" role=\"img\" aria-label=\"Taekwondo_Volos\" style=\"background-image: url(&#039;https:\/\/combathlon.eu\/wp-content\/uploads\/2024\/06\/Taekwondo_Volos.webp&#039;)\">\n\n\t\t\t\n\t\t\t\t\t<\/div>\n\t\t<\/a>\t\t\t\t\t\t<\/div>\n\t\t\t\t\t\t\t\t\t\t\t<div class=\"swiper-slide\">\n\t\t\t\t\t\t\t<a href=\"https:\/\/combathlon.eu\/partenaires\/\">\t\t<div class=\"elementor-carousel-image\" role=\"img\" aria-label=\"Martial_Academie_Limoges\" style=\"background-image: url(&#039;https:\/\/combathlon.eu\/wp-content\/uploads\/2024\/06\/Martial_Academie_Limoges.webp&#039;)\">\n\n\t\t\t\n\t\t\t\t\t<\/div>\n\t\t<\/a>\t\t\t\t\t\t<\/div>\n\t\t\t\t\t\t\t\t\t<\/div>\n\t\t\t\t\t\t\t\t\t\t\t\t\t\t\t<div class=\"swiper-pagination\"><\/div>\n\t\t\t\t\t\t\t\t\t\t\t\t\t\t\t\t\t<\/div>\n\t\t<\/div>\n\t\t\t\t<\/div>\n\t\t\t\t<\/div>\n\t\t\t\t\t<\/div>\n\t\t\t\t<\/div>\n\t\t\t\t<\/div>\n\t\t","protected":false},"excerpt":{"rendered":"<p>Projet europ\u00e9en de tournois d&#8217;arts martiaux multi-activit\u00e9s ObjectifUn maximum de sport pour les pratiquants pendant 1h 5 \u00e9v\u00e9nements internationaux 4 partenaires europ\u00e9ens<\/p>\n","protected":false},"author":1,"featured_media":0,"parent":0,"menu_order":0,"comment_status":"closed","ping_status":"closed","template":"","meta":{"footnotes":""},"class_list":["post-368","page","type-page","status-publish","hentry"],"_links":{"self":[{"href":"https:\/\/combathlon.eu\/el\/wp-json\/wp\/v2\/pages\/368","targetHints":{"allow":["GET"]}}],"collection":[{"href":"https:\/\/combathlon.eu\/el\/wp-json\/wp\/v2\/pages"}],"about":[{"href":"https:\/\/combathlon.eu\/el\/wp-json\/wp\/v2\/types\/page"}],"author":[{"embeddable":true,"href":"https:\/\/combathlon.eu\/el\/wp-json\/wp\/v2\/users\/1"}],"replies":[{"embeddable":true,"href":"https:\/\/combathlon.eu\/el\/wp-json\/wp\/v2\/comments?post=368"}],"version-history":[{"count":55,"href":"https:\/\/combathlon.eu\/el\/wp-json\/wp\/v2\/pages\/368\/revisions"}],"predecessor-version":[{"id":719,"href":"https:\/\/combathlon.eu\/el\/wp-json\/wp\/v2\/pages\/368\/revisions\/719"}],"wp:attachment":[{"href":"https:\/\/combathlon.eu\/el\/wp-json\/wp\/v2\/media?parent=368"}],"curies":[{"name":"wp","href":"https:\/\/api.w.org\/{rel}","templated":true}]}}